{"id":103,"date":"2025-04-07T20:00:27","date_gmt":"2025-04-07T20:00:27","guid":{"rendered":"https:\/\/roversafety.org\/?page_id=103"},"modified":"2025-04-21T09:32:59","modified_gmt":"2025-04-21T09:32:59","slug":"impresszum","status":"publish","type":"page","link":"https:\/\/roversafety.org\/en\/impresszum\/","title":{"rendered":"Imprint"},"content":{"rendered":"<div data-elementor-type=\"wp-page\" data-elementor-id=\"103\" class=\"elementor elementor-103\" data-elementor-post-type=\"page\">\n\t\t\t\t<div class=\"elementor-element elementor-element-5dfb90b4 e-flex e-con-boxed e-con e-parent\" data-id=\"5dfb90b4\" data-element_type=\"container\" data-e-type=\"container\">\n\t\t\t\t\t<div class=\"e-con-inner\">\n\t\t\t\t<div class=\"elementor-element elementor-element-126a3217 elementor-widget elementor-widget-text-editor\" data-id=\"126a3217\" data-element_type=\"widget\" data-e-type=\"widget\" data-widget_type=\"text-editor.default\">\n\t\t\t\t<div class=\"elementor-widget-container\">\n\t\t\t\t\t\t\t\t\t<h2><strong>Imprint<\/strong><\/h2>\nLaura Zita Kov\u00e1cs \u2013 Sole Proprietor<br>\nRegistered office: 7400 Kaposv\u00e1r, F\u00fcredi utca 1.<br>\nPhone: +36 30 619 7196<br>\nE-mail: info@roversafety.org<br>\nRegistering Authority: National Tax and Customs Administration of Hungary<br>\nRegistration Number: 59907552<br>\nTax number: 90623071-2-34<br>\nProfessional Qualification:<br>\nOccupational Safety Technician 85019\/5\/2014. (HU)<br>\nFire Safety technician 013\/09\/2024 (HU)<br>\nEngineering Manager T-BMM-09\/2023 (HU)<br>\nHosting Provider:<br>\nHostinger International Ltd.<br>\n61 Lordou Vironos Street, Larnaca 6023, Cyprus<br>\nhttps:\/\/www.hostinger.com\/\t\t\t\t\t\t\t\t<\/div>\n\t\t\t\t<\/div>\n\t\t\t\t\t<\/div>\n\t\t\t\t<\/div>\n\t\t\t\t<\/div>","protected":false},"excerpt":{"rendered":"<p>Impresszum Kov\u00e1cs Laura Zita egy\u00e9ni v\u00e1llalkoz\u00f3 Sz\u00e9khely: 7400 Kaposv\u00e1r, F\u00fcredi utca 1. Telefon: +36 30 619 7196 E-mail: info@roversafety.org Nyilv\u00e1ntart\u00e1sba bejegyz\u0151 hat\u00f3s\u00e1g: Nemzeti Ad\u00f3-\u00e9s V\u00e1mhivatal Nyilv\u00e1ntart\u00e1si sz\u00e1m: 59907552 Ad\u00f3sz\u00e1m: 90623071-2-34 Szakk\u00e9pzetts\u00e9g: Munkav\u00e9delmi technikus 85019\/5\/2014. (HU) T\u0171zv\u00e9delmi el\u0151ad\u00f3 013\/09\/2024 (HU) M\u0171szaki menedzser T-BMM-09\/2023 (HU) T\u00e1rhelyszolg\u00e1ltat\u00f3: Hostinger International Ltd. 61 Lordou Vironos Street, Larnaca 6023, Cyprus https:\/\/www.hostinger.com\/<\/p>","protected":false},"author":1,"featured_media":0,"parent":0,"menu_order":0,"comment_status":"closed","ping_status":"closed","template":"","meta":{"_seopress_robots_primary_cat":"","_seopress_titles_title":"%%post_title%%","_seopress_titles_desc":"%%sitetitle%%","_seopress_robots_index":"","_kadence_starter_templates_imported_post":false,"_kad_post_transparent":"default","_kad_post_title":"default","_kad_post_layout":"default","_kad_post_sidebar_id":"","_kad_post_content_style":"default","_kad_post_vertical_padding":"default","_kad_post_feature":"","_kad_post_feature_position":"","_kad_post_header":false,"_kad_post_footer":false,"footnotes":""},"class_list":["post-103","page","type-page","status-publish","hentry"],"_links":{"self":[{"href":"https:\/\/roversafety.org\/en\/wp-json\/wp\/v2\/pages\/103","targetHints":{"allow":["GET"]}}],"collection":[{"href":"https:\/\/roversafety.org\/en\/wp-json\/wp\/v2\/pages"}],"about":[{"href":"https:\/\/roversafety.org\/en\/wp-json\/wp\/v2\/types\/page"}],"author":[{"embeddable":true,"href":"https:\/\/roversafety.org\/en\/wp-json\/wp\/v2\/users\/1"}],"replies":[{"embeddable":true,"href":"https:\/\/roversafety.org\/en\/wp-json\/wp\/v2\/comments?post=103"}],"version-history":[{"count":11,"href":"https:\/\/roversafety.org\/en\/wp-json\/wp\/v2\/pages\/103\/revisions"}],"predecessor-version":[{"id":430,"href":"https:\/\/roversafety.org\/en\/wp-json\/wp\/v2\/pages\/103\/revisions\/430"}],"wp:attachment":[{"href":"https:\/\/roversafety.org\/en\/wp-json\/wp\/v2\/media?parent=103"}],"curies":[{"name":"wp","href":"https:\/\/api.w.org\/{rel}","templated":true}]}}