{"id":351,"date":"2025-04-20T11:00:20","date_gmt":"2025-04-20T11:00:20","guid":{"rendered":"https:\/\/roversafety.org\/?page_id=351"},"modified":"2025-05-04T08:40:22","modified_gmt":"2025-05-04T08:40:22","slug":"bemutatkozas","status":"publish","type":"page","link":"https:\/\/roversafety.org\/en\/bemutatkozas\/","title":{"rendered":"Introduction"},"content":{"rendered":"<div data-elementor-type=\"wp-page\" data-elementor-id=\"351\" class=\"elementor elementor-351\" data-elementor-post-type=\"page\">\n\t\t\t\t<div class=\"elementor-element elementor-element-2d2a1b45 e-flex e-con-boxed e-con e-parent\" data-id=\"2d2a1b45\" data-element_type=\"container\" data-e-type=\"container\">\n\t\t\t\t\t<div class=\"e-con-inner\">\n\t\t\t\t<div class=\"elementor-element elementor-element-244e8f9b elementor-widget elementor-widget-heading\" data-id=\"244e8f9b\" data-element_type=\"widget\" data-e-type=\"widget\" data-widget_type=\"heading.default\">\n\t\t\t\t<div class=\"elementor-widget-container\">\n\t\t\t\t\t<h1 class=\"elementor-heading-title elementor-size-default\">Introduction<\/h1>\t\t\t\t<\/div>\n\t\t\t\t<\/div>\n\t\t\t\t\t<\/div>\n\t\t\t\t<\/div>\n\t\t<div class=\"elementor-element elementor-element-537be51 e-con-full e-flex e-con e-parent\" data-id=\"537be51\" data-element_type=\"container\" data-e-type=\"container\">\n\t\t<div class=\"elementor-element elementor-element-da592a4 e-con-full e-flex e-con e-child\" data-id=\"da592a4\" data-element_type=\"container\" data-e-type=\"container\">\n\t\t\t\t<div class=\"elementor-element elementor-element-03c4e99 elementor-widget elementor-widget-heading\" data-id=\"03c4e99\" data-element_type=\"widget\" data-e-type=\"widget\" data-widget_type=\"heading.default\">\n\t\t\t\t<div class=\"elementor-widget-container\">\n\t\t\t\t\t<h2 class=\"elementor-heading-title elementor-size-default\">About me<\/h2>\t\t\t\t<\/div>\n\t\t\t\t<\/div>\n\t\t\t\t<div class=\"elementor-element elementor-element-efe37ba elementor-widget__width-initial elementor-widget elementor-widget-text-editor\" data-id=\"efe37ba\" data-element_type=\"widget\" data-e-type=\"widget\" data-widget_type=\"text-editor.default\">\n\t\t\t\t<div class=\"elementor-widget-container\">\n\t\t\t\t\t\t\t\t\t<p data-start=\"419\" data-end=\"813\"><strong data-start=\"419\" data-end=\"545\">For over 10 years, I have been committed to making workplaces safer and occupational safety systems more effective.<\/strong><br data-start=\"545\" data-end=\"548\" \/>Throughout my career, I have gained valuable experience working with industrial manufacturers, on large-scale construction site, and in international investment projects.<\/p><p data-start=\"819\" data-end=\"1105\">My professional background in international environments has enabled me to acquire and apply a range of occupational safety management systems and methodologies (such as SCC and NEBOSH) in practice. This mindset continues to guide my approach today: I offer flexible and practical solutions while ensuring full compliance with Hungarian regulations.<\/p><p>After several years of corporate experience, I now work as a self-employed consultant, supporting my Clients in developing safe and transparent workplace environments.<\/p><p>I am currently based in Somogy County, specifically in Kaposv\u00e1r, but I am flexible and open to assignments in other parts of Hungary as well. With my professional English and German language skills, cooperation with international partners proceeds smoothly.<\/p><p data-start=\"1312\" data-end=\"1517\"><strong>My goal is to create occupational safety systems that not only meet legal requirements but also provide real value to the organization \u2014 simple, clear, and tailored to the company's specific needs.<\/strong><\/p>\t\t\t\t\t\t\t\t<\/div>\n\t\t\t\t<\/div>\n\t\t\t\t<\/div>\n\t\t<div class=\"elementor-element elementor-element-54886bb e-con-full e-flex e-con e-child\" data-id=\"54886bb\" data-element_type=\"container\" data-e-type=\"container\">\n\t\t\t\t<div class=\"elementor-element elementor-element-a387144 elementor-widget__width-initial elementor-widget elementor-widget-image\" data-id=\"a387144\" data-element_type=\"widget\" data-e-type=\"widget\" data-widget_type=\"image.default\">\n\t\t\t\t<div class=\"elementor-widget-container\">\n\t\t\t\t\t\t\t\t\t\t\t\t\t\t\t<img alt=\"\" fetchpriority=\"high\" decoding=\"async\" width=\"1024\" height=\"925\" src=\"https:\/\/roversafety.org\/wp-content\/uploads\/2025\/04\/Vegleges-e1745161131196-1024x925.jpg\" class=\"attachment-large size-large wp-image-374\" srcset=\"https:\/\/roversafety.org\/wp-content\/uploads\/2025\/04\/Vegleges-e1745161131196-1024x925.jpg 1024w, https:\/\/roversafety.org\/wp-content\/uploads\/2025\/04\/Vegleges-e1745161131196-300x271.jpg 300w, https:\/\/roversafety.org\/wp-content\/uploads\/2025\/04\/Vegleges-e1745161131196-768x694.jpg 768w, https:\/\/roversafety.org\/wp-content\/uploads\/2025\/04\/Vegleges-e1745161131196.jpg 1505w\" sizes=\"(max-width: 1024px) 100vw, 1024px\" \/>\t\t\t\t\t\t\t\t\t\t\t\t\t\t\t<\/div>\n\t\t\t\t<\/div>\n\t\t\t\t<\/div>\n\t\t\t\t<div class=\"elementor-element elementor-element-58147fd elementor-widget-divider--view-line elementor-widget elementor-widget-divider\" data-id=\"58147fd\" data-element_type=\"widget\" data-e-type=\"widget\" data-widget_type=\"divider.default\">\n\t\t\t\t<div class=\"elementor-widget-container\">\n\t\t\t\t\t\t\t<div class=\"elementor-divider\">\n\t\t\t<span class=\"elementor-divider-separator\">\n\t\t\t\t\t\t<\/span>\n\t\t<\/div>\n\t\t\t\t\t\t<\/div>\n\t\t\t\t<\/div>\n\t\t<div class=\"elementor-element elementor-element-1a1381d e-con-full e-flex e-con e-child\" data-id=\"1a1381d\" data-element_type=\"container\" data-e-type=\"container\">\n\t\t\t\t<div class=\"elementor-element elementor-element-0b81338 elementor-widget elementor-widget-heading\" data-id=\"0b81338\" data-element_type=\"widget\" data-e-type=\"widget\" data-widget_type=\"heading.default\">\n\t\t\t\t<div class=\"elementor-widget-container\">\n\t\t\t\t\t<h2 class=\"elementor-heading-title elementor-size-default\">Professional Experience<\/h2>\t\t\t\t<\/div>\n\t\t\t\t<\/div>\n\t\t\t\t<\/div>\n\t\t<div class=\"elementor-element elementor-element-c9feec1 e-con-full e-flex e-con e-child\" data-id=\"c9feec1\" data-element_type=\"container\" data-e-type=\"container\">\n\t\t\t\t<div class=\"elementor-element elementor-element-4974da9 elementor-widget elementor-widget-heading\" data-id=\"4974da9\" data-element_type=\"widget\" data-e-type=\"widget\" data-widget_type=\"heading.default\">\n\t\t\t\t<div class=\"elementor-widget-container\">\n\t\t\t\t\t<h3 class=\"elementor-heading-title elementor-size-default\">OHS &amp; Fire Safety Consulting<\/h3>\t\t\t\t<\/div>\n\t\t\t\t<\/div>\n\t\t\t\t<div class=\"elementor-element elementor-element-0f75998 elementor-widget__width-initial elementor-widget elementor-widget-text-editor\" data-id=\"0f75998\" data-element_type=\"widget\" data-e-type=\"widget\" data-widget_type=\"text-editor.default\">\n\t\t\t\t<div class=\"elementor-widget-container\">\n\t\t\t\t\t\t\t\t\t<div style=\"font-size: 18px; line-height: 1.6; color: #cdb8ad;\"><div style=\"font-size: 20px; margin-bottom: 10px; font-weight: bold;\">Industrial Manufacturing<\/div><\/div><ul class=\"fancy-list\"><li>Steel industry<\/li><li>Automotive industry<\/li><li>Food processing industry<\/li><li>Building materials manufacturing<\/li><\/ul><div style=\"font-size: 18px; line-height: 1.6; color: #cdb8ad;\"><div style=\"font-size: 20px; margin-bottom: 10px; font-weight: bold;\">Oil &amp; Gas Industry<\/div><\/div><ul class=\"fancy-list\"><li>Acquisitions and seismic surveys<\/li><li>Operation of logistical facilities (e.g. oil storage tanks, railway loading\/unloading stations, pipeline networks)<\/li><\/ul>\t\t\t\t\t\t\t\t<\/div>\n\t\t\t\t<\/div>\n\t\t\t\t<\/div>\n\t\t<div class=\"elementor-element elementor-element-e2cf166 e-con-full e-flex e-con e-child\" data-id=\"e2cf166\" data-element_type=\"container\" data-e-type=\"container\">\n\t\t\t\t<div class=\"elementor-element elementor-element-d6daa02 elementor-widget elementor-widget-heading\" data-id=\"d6daa02\" data-element_type=\"widget\" data-e-type=\"widget\" data-widget_type=\"heading.default\">\n\t\t\t\t<div class=\"elementor-widget-container\">\n\t\t\t\t\t<h3 class=\"elementor-heading-title elementor-size-default\">HSE Coordination<\/h3>\t\t\t\t<\/div>\n\t\t\t\t<\/div>\n\t\t\t\t<div class=\"elementor-element elementor-element-ca74ef1 elementor-widget__width-initial elementor-widget elementor-widget-text-editor\" data-id=\"ca74ef1\" data-element_type=\"widget\" data-e-type=\"widget\" data-widget_type=\"text-editor.default\">\n\t\t\t\t<div class=\"elementor-widget-container\">\n\t\t\t\t\t\t\t\t\t<style>\n.fancy-list {\n  list-style: none;\n  padding-left: 0;\n  margin-top: 10px; \/* kicsi t\u00e9rk\u00f6z a lista elej\u00e9n, hogy ne tapadjon a c\u00edmekhez *\/\n  margin-bottom: 0;\n}\n.fancy-list li {\n  position: relative;\n  padding-left: 20px;\n  margin-bottom: 10px;\n  font-size: 18px;\n  line-height: 1.2;\n  color: #cdb8ad;\n  text-align: center;\n}\n.fancy-list li::before {\n  content: \"\";\n  width: 8px;\n  height: 8px;\n  background-color: #63305f;\n  border-radius: 50%;\n  position: absolute;\n  left: 10px;\n  top: 50%;\n  transform: translateY(-50%);\n}\n.section-wrapper {\n  font-size: 18px;\n  line-height: 1.6;\n  color: #cdb8ad;\n}\n.section-title {\n  font-size: 20px;\n  font-weight: bold;\n  margin-bottom: 10px;\n  text-align: left;\n}\n<\/style>\n\n<div class=\"section-wrapper\">\n  <div class=\"section-title\">Construction of industrial plants<\/div>\n  <div class=\"section-title\">Hydraulic engineering (bridge construction, sluice construction, river bed shaping)<\/div>\n  <div class=\"section-title\">Nuclear facilities<\/div>\n  <div class=\"section-title\">Greenfield and Brownfield Investments in the Chemical Industry<\/div>\n<\/div>\n\n<ul class=\"fancy-list\">\n  <li>Hungary \u2013 Tisza\u00fajv\u00e1ros<\/li>\n  <li>Netherlands \u2013 Rotterdam<\/li>\n<\/ul>\n\t\t\t\t\t\t\t\t<\/div>\n\t\t\t\t<\/div>\n\t\t\t\t<\/div>\n\t\t\t\t<div class=\"elementor-element elementor-element-6b86b14 elementor-widget-divider--view-line elementor-widget elementor-widget-divider\" data-id=\"6b86b14\" data-element_type=\"widget\" data-e-type=\"widget\" data-widget_type=\"divider.default\">\n\t\t\t\t<div class=\"elementor-widget-container\">\n\t\t\t\t\t\t\t<div class=\"elementor-divider\">\n\t\t\t<span class=\"elementor-divider-separator\">\n\t\t\t\t\t\t<\/span>\n\t\t<\/div>\n\t\t\t\t\t\t<\/div>\n\t\t\t\t<\/div>\n\t\t<div class=\"elementor-element elementor-element-5f67916 e-con-full e-flex e-con e-child\" data-id=\"5f67916\" data-element_type=\"container\" data-e-type=\"container\">\n\t\t\t\t<div class=\"elementor-element elementor-element-2c62538 elementor-widget elementor-widget-heading\" data-id=\"2c62538\" data-element_type=\"widget\" data-e-type=\"widget\" data-widget_type=\"heading.default\">\n\t\t\t\t<div class=\"elementor-widget-container\">\n\t\t\t\t\t<h2 class=\"elementor-heading-title elementor-size-default\">My Mission<\/h2>\t\t\t\t<\/div>\n\t\t\t\t<\/div>\n\t\t\t\t<\/div>\n\t\t<div class=\"elementor-element elementor-element-9790463 e-con-full e-flex e-con e-child\" data-id=\"9790463\" data-element_type=\"container\" data-e-type=\"container\">\n\t\t\t\t<div class=\"elementor-element elementor-element-155ef33 elementor-widget__width-initial elementor-widget elementor-widget-text-editor\" data-id=\"155ef33\" data-element_type=\"widget\" data-e-type=\"widget\" data-widget_type=\"text-editor.default\">\n\t\t\t\t<div class=\"elementor-widget-container\">\n\t\t\t\t\t\t\t\t\t<p data-start=\"1287\" data-end=\"1561\"><strong data-start=\"1287\" data-end=\"1401\">I believe that occupational safety is not an administrative burden, but the foundation of long-term, sustainable operations.<\/strong><br data-start=\"1401\" data-end=\"1404\" \/>Every organization is unique \u2014 that\u2019s why I consider it essential to tailor safety systems to the company\u2019s profile, processes, and culture.<\/p><p><span style=\"background-color: transparent;\">My mission is to support my partners in prevention, in fostering a culture of safe work practices, and in ensuring that occupational safety truly creates value \u2014 by maintaining the right balance between employee protection, legal compliance, and operational efficiency<\/span>.<\/p>\t\t\t\t\t\t\t\t<\/div>\n\t\t\t\t<\/div>\n\t\t\t\t<\/div>\n\t\t\t\t<\/div>\n\t\t\t\t<\/div>","protected":false},"excerpt":{"rendered":"<p>Bemutatkoz\u00e1s R\u00f3lam T\u00f6bb mint 10 \u00e9ve dolgozom azon, hogy a munkahelyek biztons\u00e1gosabb\u00e1, a munkabiztons\u00e1gi rendszerek pedig hat\u00e9konyabb\u00e1 v\u00e1ljanak.P\u00e1lyafut\u00e1som sor\u00e1n ipari termel\u0151c\u00e9gekn\u00e9l, nagy volumen\u0171 \u00e9p\u00edt\u0151ipari projekteken, nemzetk\u00f6zi beruh\u00e1z\u00e1sokban is tapasztalatot szereztem. Nemzetk\u00f6zi k\u00f6rnyezetben szerzett tapasztalataim sor\u00e1n elsaj\u00e1t\u00edtottam \u00e9s a gyakorlatban is alkalmaztam a k\u00fcl\u00f6nb\u00f6z\u0151 munkav\u00e9delmi ir\u00e1ny\u00edt\u00e1si rendszereket, m\u00f3dszereket (SCC, NEBOSH). Ez a szeml\u00e9let ma is meghat\u00e1rozza&#8230;<\/p>","protected":false},"author":1,"featured_media":0,"parent":0,"menu_order":0,"comment_status":"closed","ping_status":"closed","template":"","meta":{"_seopress_robots_primary_cat":"","_seopress_titles_title":"Rover Safety - Bemutatkoz\u00e1s","_seopress_titles_desc":"Munkav\u00e9delmi \u00e9s t\u0171zv\u00e9delmi tan\u00e1csad\u00f3 Kaposv\u00e1ron, t\u00f6bb mint 10 \u00e9v tapasztalattal seg\u00edtem a v\u00e1llalkoz\u00e1sokat biztons\u00e1gos, hat\u00e9kony munkak\u00f6rnyezet kialak\u00edt\u00e1s\u00e1ban.","_seopress_robots_index":"","_kadence_starter_templates_imported_post":false,"_kad_post_transparent":"default","_kad_post_title":"hide","_kad_post_layout":"fullwidth","_kad_post_sidebar_id":"","_kad_post_content_style":"unboxed","_kad_post_vertical_padding":"hide","_kad_post_feature":"hide","_kad_post_feature_position":"","_kad_post_header":false,"_kad_post_footer":false,"footnotes":""},"class_list":["post-351","page","type-page","status-publish","hentry"],"_links":{"self":[{"href":"https:\/\/roversafety.org\/en\/wp-json\/wp\/v2\/pages\/351","targetHints":{"allow":["GET"]}}],"collection":[{"href":"https:\/\/roversafety.org\/en\/wp-json\/wp\/v2\/pages"}],"about":[{"href":"https:\/\/roversafety.org\/en\/wp-json\/wp\/v2\/types\/page"}],"author":[{"embeddable":true,"href":"https:\/\/roversafety.org\/en\/wp-json\/wp\/v2\/users\/1"}],"replies":[{"embeddable":true,"href":"https:\/\/roversafety.org\/en\/wp-json\/wp\/v2\/comments?post=351"}],"version-history":[{"count":37,"href":"https:\/\/roversafety.org\/en\/wp-json\/wp\/v2\/pages\/351\/revisions"}],"predecessor-version":[{"id":562,"href":"https:\/\/roversafety.org\/en\/wp-json\/wp\/v2\/pages\/351\/revisions\/562"}],"wp:attachment":[{"href":"https:\/\/roversafety.org\/en\/wp-json\/wp\/v2\/media?parent=351"}],"curies":[{"name":"wp","href":"https:\/\/api.w.org\/{rel}","templated":true}]}}